{"id":56,"date":"2018-03-02T19:18:55","date_gmt":"2018-03-02T18:18:55","guid":{"rendered":"http:\/\/oskexpert.pl\/?page_id=56"},"modified":"2026-03-16T16:48:45","modified_gmt":"2026-03-16T15:48:45","slug":"strona-glowna","status":"publish","type":"page","link":"https:\/\/oskexpert.pl\/","title":{"rendered":"Strona G\u0142\u00f3wna"},"content":{"rendered":"\t\t<div data-elementor-type=\"wp-post\" data-elementor-id=\"56\" class=\"elementor elementor-56\">\n\t\t\t\t\t\t<section class=\"elementor-section elementor-top-section elementor-element elementor-element-b37fda5 elementor-section-stretched elementor-section-full_width elementor-section-height-min-height elementor-section-content-middle elementor-section-height-default elementor-section-items-middle\" data-id=\"b37fda5\" data-element_type=\"section\" data-settings=\"{&quot;stretch_section&quot;:&quot;section-stretched&quot;,&quot;background_background&quot;:&quot;classic&quot;}\">\n\t\t\t\t\t\t<div class=\"elementor-container elementor-column-gap-no\">\n\t\t\t\t\t<div class=\"elementor-column elementor-col-100 elementor-top-column elementor-element elementor-element-f821656\" data-id=\"f821656\" data-element_type=\"column\">\n\t\t\t<div class=\"elementor-widget-wrap elementor-element-populated\">\n\t\t\t\t\t\t<div class=\"elementor-element elementor-element-0ad5e47 elementor-widget elementor-widget-heading\" data-id=\"0ad5e47\" data-element_type=\"widget\" data-widget_type=\"heading.default\">\n\t\t\t\t<div class=\"elementor-widget-container\">\n\t\t\t\t\t<h1 class=\"elementor-heading-title elementor-size-xxl\"><span style=\"font-size: 100px\">TERMINY KURS\u00d3W:<\/span> <br>\n<span style=\"font-size: 75px\">07.04, 11.05, 08.06<\/span><\/h1>\t\t\t\t<\/div>\n\t\t\t\t<\/div>\n\t\t\t\t\t<\/div>\n\t\t<\/div>\n\t\t\t\t\t<\/div>\n\t\t<\/section>\n\t\t\t\t<section class=\"elementor-section elementor-top-section elementor-element elementor-element-b21afd9 elementor-section-boxed elementor-section-height-default elementor-section-height-default\" data-id=\"b21afd9\" data-element_type=\"section\">\n\t\t\t\t\t\t<div class=\"elementor-container elementor-column-gap-default\">\n\t\t\t\t\t<div class=\"elementor-column elementor-col-100 elementor-top-column elementor-element elementor-element-e522b2c\" data-id=\"e522b2c\" data-element_type=\"column\">\n\t\t\t<div class=\"elementor-widget-wrap elementor-element-populated\">\n\t\t\t\t\t\t<div class=\"elementor-element elementor-element-f6d54e1 elementor-align-justify elementor-widget elementor-widget-button\" data-id=\"f6d54e1\" data-element_type=\"widget\" data-widget_type=\"button.default\">\n\t\t\t\t<div class=\"elementor-widget-container\">\n\t\t\t\t\t\t\t\t\t<div class=\"elementor-button-wrapper\">\n\t\t\t\t\t<a class=\"elementor-button elementor-button-link elementor-size-sm\" href=\"https:\/\/www.superprawojazdy.pl\/expert-osk,22382.htm\" target=\"_blank\">\n\t\t\t\t\t\t<span class=\"elementor-button-content-wrapper\">\n\t\t\t\t\t\t\t\t\t<span class=\"elementor-button-text\">ZAPISZ SI\u0118 NA KURS - WSZYSTKIE KATEGORIE<\/span>\n\t\t\t\t\t<\/span>\n\t\t\t\t\t<\/a>\n\t\t\t\t<\/div>\n\t\t\t\t\t\t\t\t<\/div>\n\t\t\t\t<\/div>\n\t\t\t\t\t<\/div>\n\t\t<\/div>\n\t\t\t\t\t<\/div>\n\t\t<\/section>\n\t\t\t\t<section class=\"elementor-section elementor-top-section elementor-element elementor-element-7d7c871 elementor-section-boxed elementor-section-height-default elementor-section-height-default\" data-id=\"7d7c871\" data-element_type=\"section\">\n\t\t\t\t\t\t<div class=\"elementor-container elementor-column-gap-default\">\n\t\t\t\t\t<div class=\"elementor-column elementor-col-100 elementor-top-column elementor-element elementor-element-527c7f7\" data-id=\"527c7f7\" data-element_type=\"column\">\n\t\t\t<div class=\"elementor-widget-wrap elementor-element-populated\">\n\t\t\t\t\t\t<div class=\"elementor-element elementor-element-c962a06 elementor-widget elementor-widget-spacer\" data-id=\"c962a06\" data-element_type=\"widget\" data-widget_type=\"spacer.default\">\n\t\t\t\t<div class=\"elementor-widget-container\">\n\t\t\t\t\t\t\t<div class=\"elementor-spacer\">\n\t\t\t<div class=\"elementor-spacer-inner\"><\/div>\n\t\t<\/div>\n\t\t\t\t\t\t<\/div>\n\t\t\t\t<\/div>\n\t\t\t\t<div class=\"elementor-element elementor-element-8690075 elementor-position-left elementor-vertical-align-middle elementor-widget elementor-widget-image-box\" data-id=\"8690075\" data-element_type=\"widget\" data-widget_type=\"image-box.default\">\n\t\t\t\t<div class=\"elementor-widget-container\">\n\t\t\t\t\t<div class=\"elementor-image-box-wrapper\"><figure class=\"elementor-image-box-img\"><a href=\"http:\/\/oskexpert.pl\/wp-content\/uploads\/2019\/08\/67371654_622070594949624_2430088746570350592_n.jpg\" tabindex=\"-1\"><img decoding=\"async\" src=\"http:\/\/oskexpert.pl\/wp-content\/uploads\/elementor\/thumbs\/67371654_622070594949624_2430088746570350592_n-oc8zn9qn0uofuzg09uxot0os0jtclyvk682gzn0v0g.jpg\" title=\"67371654_622070594949624_2430088746570350592_n\" alt=\"67371654_622070594949624_2430088746570350592_n\" loading=\"lazy\" \/><\/a><\/figure><div class=\"elementor-image-box-content\"><p class=\"elementor-image-box-description\">Najwy\u017csza zdawalno\u015b\u0107 w Elbl\u0105gu<\/p><\/div><\/div>\t\t\t\t<\/div>\n\t\t\t\t<\/div>\n\t\t\t\t<div class=\"elementor-element elementor-element-d36ea1f elementor-widget elementor-widget-text-editor\" data-id=\"d36ea1f\" data-element_type=\"widget\" data-widget_type=\"text-editor.default\">\n\t\t\t\t<div class=\"elementor-widget-container\">\n\t\t\t\t\t\t\t\t\t<center><span style=\"font-size: 2vmin;\">Prowadzimy kursy nauki jazdy na wszystkie kategorie Prawa jazdy, szkolenia zawodowe kierowc\u00f3w (kwalifikacje na przew\u00f3z os\u00f3b i rzeczy) oraz szkolenia okresowe. G\u0142\u00f3wnym naszym za\u0142o\u017ceniem jest nie tylko przygotowanie do egzaminu, ale przede wszystkim do poruszania si\u0119 w ruchu drogowym. Bardzo du\u017cy nacisk k\u0142adziemy na bezpiecze\u0144stwo. Lekcje w mi\u0142ej i przyjemnej atmosferze prowadz\u0105 do\u015bwiadczeni instruktorzy, poniewa\u017c to nie tylko nasza praca, lecz przede wszystkim pasja. Ka\u017cdy sukces kursanta jest naszym sukcesem, tak samo jak pora\u017cka. Dodatkowym atutem naszego szkolenia jest jazda po placu manewrowym w WORD. Dzi\u0119ki temu kursant zapoznaje si\u0119 z placem, na kt\u00f3rym b\u0119dzie zdawa\u0142 egzamin, dzi\u0119ki czemu eliminujemy w du\u017cej mierze stres przedegzaminacyjny.\n<\/span>\u00a0<\/center>\t\t\t\t\t\t\t\t<\/div>\n\t\t\t\t<\/div>\n\t\t\t\t<div class=\"elementor-element elementor-element-74d97a3 elementor-widget elementor-widget-spacer\" data-id=\"74d97a3\" data-element_type=\"widget\" data-widget_type=\"spacer.default\">\n\t\t\t\t<div class=\"elementor-widget-container\">\n\t\t\t\t\t\t\t<div class=\"elementor-spacer\">\n\t\t\t<div class=\"elementor-spacer-inner\"><\/div>\n\t\t<\/div>\n\t\t\t\t\t\t<\/div>\n\t\t\t\t<\/div>\n\t\t\t\t\t<\/div>\n\t\t<\/div>\n\t\t\t\t\t<\/div>\n\t\t<\/section>\n\t\t\t\t<section class=\"elementor-section elementor-top-section elementor-element elementor-element-fd37ff5 elementor-section-boxed elementor-section-height-default elementor-section-height-default\" data-id=\"fd37ff5\" data-element_type=\"section\">\n\t\t\t\t\t\t<div class=\"elementor-container elementor-column-gap-default\">\n\t\t\t\t\t<div class=\"elementor-column elementor-col-100 elementor-top-column elementor-element elementor-element-515e665\" data-id=\"515e665\" data-element_type=\"column\">\n\t\t\t<div class=\"elementor-widget-wrap elementor-element-populated\">\n\t\t\t\t\t\t<div class=\"elementor-element elementor-element-1e4edf2 elementor-widget elementor-widget-heading\" data-id=\"1e4edf2\" data-element_type=\"widget\" data-widget_type=\"heading.default\">\n\t\t\t\t<div class=\"elementor-widget-container\">\n\t\t\t\t\t<h1 class=\"elementor-heading-title elementor-size-default\"><font size=\"12px\">Dlaczego My?<\/font><\/h1>\t\t\t\t<\/div>\n\t\t\t\t<\/div>\n\t\t\t\t\t<\/div>\n\t\t<\/div>\n\t\t\t\t\t<\/div>\n\t\t<\/section>\n\t\t\t\t<section class=\"elementor-section elementor-top-section elementor-element elementor-element-865e6a6 elementor-section-height-min-height elementor-section-items-stretch elementor-section-content-bottom elementor-section-boxed elementor-section-height-default\" data-id=\"865e6a6\" data-element_type=\"section\">\n\t\t\t\t\t\t<div class=\"elementor-container elementor-column-gap-wider\">\n\t\t\t\t\t<div class=\"elementor-column elementor-col-33 elementor-top-column elementor-element elementor-element-6f6cce2\" data-id=\"6f6cce2\" data-element_type=\"column\" data-settings=\"{&quot;background_background&quot;:&quot;classic&quot;}\">\n\t\t\t<div class=\"elementor-widget-wrap elementor-element-populated\">\n\t\t\t\t\t\t<div class=\"elementor-element elementor-element-3cebed0 elementor-widget elementor-widget-text-editor\" data-id=\"3cebed0\" data-element_type=\"widget\" data-widget_type=\"text-editor.default\">\n\t\t\t\t<div class=\"elementor-widget-container\">\n\t\t\t\t\t\t\t\t\t<center><span style=\"font-size: x-large;\"><strong>Materia\u0142y dydaktyczne do kursu GRATIS<\/strong><\/span><\/center>\t\t\t\t\t\t\t\t<\/div>\n\t\t\t\t<\/div>\n\t\t\t\t\t<\/div>\n\t\t<\/div>\n\t\t\t\t<div class=\"elementor-column elementor-col-33 elementor-top-column elementor-element elementor-element-4e64262\" data-id=\"4e64262\" data-element_type=\"column\" data-settings=\"{&quot;background_background&quot;:&quot;classic&quot;}\">\n\t\t\t<div class=\"elementor-widget-wrap elementor-element-populated\">\n\t\t\t\t\t\t<div class=\"elementor-element elementor-element-acc3547 elementor-widget elementor-widget-text-editor\" data-id=\"acc3547\" data-element_type=\"widget\" data-widget_type=\"text-editor.default\">\n\t\t\t\t<div class=\"elementor-widget-container\">\n\t\t\t\t\t\t\t\t\t<center><span style=\"font-size: x-large;\"><strong>Szkolenie na placu manewrowym WORD w cenie kursu<\/strong><\/span><\/center>\t\t\t\t\t\t\t\t<\/div>\n\t\t\t\t<\/div>\n\t\t\t\t\t<\/div>\n\t\t<\/div>\n\t\t\t\t<div class=\"elementor-column elementor-col-33 elementor-top-column elementor-element elementor-element-8f04c30\" data-id=\"8f04c30\" data-element_type=\"column\" data-settings=\"{&quot;background_background&quot;:&quot;classic&quot;}\">\n\t\t\t<div class=\"elementor-widget-wrap elementor-element-populated\">\n\t\t\t\t\t\t<div class=\"elementor-element elementor-element-3ca3ae7 elementor-widget elementor-widget-text-editor\" data-id=\"3ca3ae7\" data-element_type=\"widget\" data-widget_type=\"text-editor.default\">\n\t\t\t\t<div class=\"elementor-widget-container\">\n\t\t\t\t\t\t\t\t\t<center><span style=\"font-size: x-large;\"><strong>Szkolimy tylko na samochodach marki KIA RIO,\ntych samych co na egzaminie<\/strong><\/span><\/center>\t\t\t\t\t\t\t\t<\/div>\n\t\t\t\t<\/div>\n\t\t\t\t\t<\/div>\n\t\t<\/div>\n\t\t\t\t\t<\/div>\n\t\t<\/section>\n\t\t\t\t<\/div>\n\t\t","protected":false},"excerpt":{"rendered":"<p>TERMINY KURS\u00d3W: 07.04, 11.05, 08.06 ZAPISZ SI\u0118 NA KURS &#8211; WSZYSTKIE KATEGORIE Najwy\u017csza zdawalno\u015b\u0107 w Elbl\u0105gu Prowadzimy kursy nauki jazdy na wszystkie kategorie Prawa jazdy, szkolenia zawodowe kierowc\u00f3w (kwalifikacje na przew\u00f3z os\u00f3b i rzeczy) oraz szkolenia okresowe. G\u0142\u00f3wnym naszym za\u0142o\u017ceniem jest nie tylko przygotowanie do egzaminu, ale przede wszystkim do poruszania si\u0119 w ruchu drogowym. Bardzo du\u017cy nacisk k\u0142adziemy na<\/p>\n<p><a class=\"more-link\" href=\"https:\/\/oskexpert.pl\/\">Read More<\/a><\/p>\n","protected":false},"author":1,"featured_media":0,"parent":0,"menu_order":0,"comment_status":"closed","ping_status":"closed","template":"page-templates\/full-width.php","meta":{"footnotes":""},"class_list":["post-56","page","type-page","status-publish","hentry"],"_links":{"self":[{"href":"https:\/\/oskexpert.pl\/index.php?rest_route=\/wp\/v2\/pages\/56","targetHints":{"allow":["GET"]}}],"collection":[{"href":"https:\/\/oskexpert.pl\/index.php?rest_route=\/wp\/v2\/pages"}],"about":[{"href":"https:\/\/oskexpert.pl\/index.php?rest_route=\/wp\/v2\/types\/page"}],"author":[{"embeddable":true,"href":"https:\/\/oskexpert.pl\/index.php?rest_route=\/wp\/v2\/users\/1"}],"replies":[{"embeddable":true,"href":"https:\/\/oskexpert.pl\/index.php?rest_route=%2Fwp%2Fv2%2Fcomments&post=56"}],"version-history":[{"count":156,"href":"https:\/\/oskexpert.pl\/index.php?rest_route=\/wp\/v2\/pages\/56\/revisions"}],"predecessor-version":[{"id":727,"href":"https:\/\/oskexpert.pl\/index.php?rest_route=\/wp\/v2\/pages\/56\/revisions\/727"}],"wp:attachment":[{"href":"https:\/\/oskexpert.pl\/index.php?rest_route=%2Fwp%2Fv2%2Fmedia&parent=56"}],"curies":[{"name":"wp","href":"https:\/\/api.w.org\/{rel}","templated":true}]}}