{"id":78,"date":"2018-03-02T22:38:31","date_gmt":"2018-03-02T21:38:31","guid":{"rendered":"http:\/\/oskexpert.pl\/?page_id=78"},"modified":"2026-02-05T20:29:09","modified_gmt":"2026-02-05T19:29:09","slug":"cennik","status":"publish","type":"page","link":"https:\/\/oskexpert.pl\/?page_id=78","title":{"rendered":"Cennik"},"content":{"rendered":"\t\t<div data-elementor-type=\"wp-post\" data-elementor-id=\"78\" class=\"elementor elementor-78\">\n\t\t\t\t\t\t<section class=\"elementor-section elementor-top-section elementor-element elementor-element-7db7fcd elementor-section-boxed elementor-section-height-default elementor-section-height-default\" data-id=\"7db7fcd\" data-element_type=\"section\">\n\t\t\t\t\t\t<div class=\"elementor-container elementor-column-gap-default\">\n\t\t\t\t\t<div class=\"elementor-column elementor-col-50 elementor-top-column elementor-element elementor-element-3839973\" data-id=\"3839973\" data-element_type=\"column\">\n\t\t\t<div class=\"elementor-widget-wrap elementor-element-populated\">\n\t\t\t\t\t\t<div class=\"elementor-element elementor-element-28d08e1 elementor-widget__width-initial elementor-widget elementor-widget-text-editor\" data-id=\"28d08e1\" data-element_type=\"widget\" data-widget_type=\"text-editor.default\">\n\t\t\t\t<div class=\"elementor-widget-container\">\n\t\t\t\t\t\t\t\t\t<h1><strong>Kursy kategorii B<\/strong><\/h1><h1>Kurs kategoria <strong>B<\/strong> &#8211; 3600z\u0142<\/h1><h1>Kurs <strong>B ekspresowy<\/strong> &#8211; 4000z\u0142<\/h1><h1>Kurs kategoria <strong>B 78 (automat)<\/strong> &#8211; 3800z\u0142<\/h1><h1>Kurs <strong>B 78 ekspresowy<\/strong> &#8211; 4300z\u0142<\/h1><div><div><div><h1 style=\"margin-top: 1.71429rem; margin-bottom: 1.71429rem;\">Kurs kategoria <strong>B + E<\/strong> &#8211; 2000z\u0142<\/h1><\/div><\/div><\/div><h1>w tym :<\/h1><ul><li><h1>30h teorii<\/h1><\/li><li><h1>30h praktyki<\/h1><\/li><li><h1>Materia\u0142y dydaktyczne<\/h1><\/li><li><h1>Szkolenie na placu WORD40<\/h1><\/li><\/ul>\t\t\t\t\t\t\t\t<\/div>\n\t\t\t\t<\/div>\n\t\t\t\t\t<\/div>\n\t\t<\/div>\n\t\t\t\t<div class=\"elementor-column elementor-col-50 elementor-top-column elementor-element elementor-element-4973beb\" data-id=\"4973beb\" data-element_type=\"column\">\n\t\t\t<div class=\"elementor-widget-wrap elementor-element-populated\">\n\t\t\t\t\t\t<div class=\"elementor-element elementor-element-d716746 elementor-widget elementor-widget-image\" data-id=\"d716746\" data-element_type=\"widget\" data-widget_type=\"image.default\">\n\t\t\t\t<div class=\"elementor-widget-container\">\n\t\t\t\t\t\t\t\t\t\t\t\t\t\t\t<img fetchpriority=\"high\" decoding=\"async\" width=\"714\" height=\"960\" src=\"https:\/\/oskexpert.pl\/wp-content\/uploads\/2018\/03\/27332223_322344261588927_7314204780362152065_n.jpg\" class=\"attachment-large size-large wp-image-46\" alt=\"\" srcset=\"https:\/\/oskexpert.pl\/wp-content\/uploads\/2018\/03\/27332223_322344261588927_7314204780362152065_n.jpg 714w, https:\/\/oskexpert.pl\/wp-content\/uploads\/2018\/03\/27332223_322344261588927_7314204780362152065_n-223x300.jpg 223w\" sizes=\"(max-width: 714px) 100vw, 714px\" \/>\t\t\t\t\t\t\t\t\t\t\t\t\t\t\t<\/div>\n\t\t\t\t<\/div>\n\t\t\t\t\t<\/div>\n\t\t<\/div>\n\t\t\t\t\t<\/div>\n\t\t<\/section>\n\t\t\t\t<section class=\"elementor-section elementor-top-section elementor-element elementor-element-3fc1c50 elementor-section-content-middle elementor-section-boxed elementor-section-height-default elementor-section-height-default\" data-id=\"3fc1c50\" data-element_type=\"section\">\n\t\t\t\t\t\t<div class=\"elementor-container elementor-column-gap-default\">\n\t\t\t\t\t<div class=\"elementor-column elementor-col-100 elementor-top-column elementor-element elementor-element-1eee933\" data-id=\"1eee933\" data-element_type=\"column\">\n\t\t\t<div class=\"elementor-widget-wrap elementor-element-populated\">\n\t\t\t\t\t\t<div class=\"elementor-element elementor-element-7328dea elementor-widget-divider--view-line elementor-widget elementor-widget-divider\" data-id=\"7328dea\" data-element_type=\"widget\" data-widget_type=\"divider.default\">\n\t\t\t\t<div class=\"elementor-widget-container\">\n\t\t\t\t\t\t\t<div class=\"elementor-divider\">\n\t\t\t<span class=\"elementor-divider-separator\">\n\t\t\t\t\t\t<\/span>\n\t\t<\/div>\n\t\t\t\t\t\t<\/div>\n\t\t\t\t<\/div>\n\t\t\t\t\t<\/div>\n\t\t<\/div>\n\t\t\t\t\t<\/div>\n\t\t<\/section>\n\t\t\t\t<section class=\"elementor-section elementor-top-section elementor-element elementor-element-afa1ba7 elementor-section-content-middle elementor-section-boxed elementor-section-height-default elementor-section-height-default\" data-id=\"afa1ba7\" data-element_type=\"section\">\n\t\t\t\t\t\t<div class=\"elementor-container elementor-column-gap-default\">\n\t\t\t\t\t<div class=\"elementor-column elementor-col-50 elementor-top-column elementor-element elementor-element-29d5afe\" data-id=\"29d5afe\" data-element_type=\"column\">\n\t\t\t<div class=\"elementor-widget-wrap elementor-element-populated\">\n\t\t\t\t\t\t<div class=\"elementor-element elementor-element-74f7932 elementor-widget elementor-widget-text-editor\" data-id=\"74f7932\" data-element_type=\"widget\" data-widget_type=\"text-editor.default\">\n\t\t\t\t<div class=\"elementor-widget-container\">\n\t\t\t\t\t\t\t\t\t<h1><strong>Pozosta\u0142e kursy<\/strong><\/h1><h1>Kurs kategoria\u00a0<strong>A, A1, A2<\/strong> &#8211; 3200z\u0142<\/h1><div><h1>Kurs kategoria\u00a0<strong>B + E<\/strong>\u00a0&#8211; 2000z\u0142<\/h1><h1>Kurs kategoria\u00a0<strong>C<\/strong> &#8211; 4200z\u0142<\/h1><h1>Kurs kategoria\u00a0<strong>C+E<\/strong> &#8211; 7000z\u0142<\/h1><h1>Kurs \u0142\u0105czony\u00a0 <strong>C i C+E<\/strong> &#8211; 9900z\u0142<\/h1><h1>Kurs kategoria <strong>D<\/strong> &#8211; 6000z\u0142 (dla posiadaczy kat. C) <br \/>&#8211; 8500z\u0142 (dla posiadaczy kat. B)<\/h1><div>\u00a0<\/div><\/div><h1><span style=\"text-decoration: underline;\"><em><strong>Bezp\u0142atne<\/strong> podstawienie samochodu na egzamin<\/em><\/span><\/h1>\t\t\t\t\t\t\t\t<\/div>\n\t\t\t\t<\/div>\n\t\t\t\t\t<\/div>\n\t\t<\/div>\n\t\t\t\t<div class=\"elementor-column elementor-col-50 elementor-top-column elementor-element elementor-element-1b99372\" data-id=\"1b99372\" data-element_type=\"column\">\n\t\t\t<div class=\"elementor-widget-wrap elementor-element-populated\">\n\t\t\t\t\t\t<div class=\"elementor-element elementor-element-16f3090 elementor-widget elementor-widget-image\" data-id=\"16f3090\" data-element_type=\"widget\" data-widget_type=\"image.default\">\n\t\t\t\t<div class=\"elementor-widget-container\">\n\t\t\t\t\t\t\t\t\t\t\t\t\t\t\t<img decoding=\"async\" width=\"1024\" height=\"969\" src=\"https:\/\/oskexpert.pl\/wp-content\/uploads\/2024\/09\/337411433_233694152445529_3766027942644229440_n-1024x969.jpg\" class=\"attachment-large size-large wp-image-649\" alt=\"\" srcset=\"https:\/\/oskexpert.pl\/wp-content\/uploads\/2024\/09\/337411433_233694152445529_3766027942644229440_n-1024x969.jpg 1024w, https:\/\/oskexpert.pl\/wp-content\/uploads\/2024\/09\/337411433_233694152445529_3766027942644229440_n-300x284.jpg 300w, https:\/\/oskexpert.pl\/wp-content\/uploads\/2024\/09\/337411433_233694152445529_3766027942644229440_n-768x726.jpg 768w, https:\/\/oskexpert.pl\/wp-content\/uploads\/2024\/09\/337411433_233694152445529_3766027942644229440_n-800x757.jpg 800w, https:\/\/oskexpert.pl\/wp-content\/uploads\/2024\/09\/337411433_233694152445529_3766027942644229440_n.jpg 1440w\" sizes=\"(max-width: 1024px) 100vw, 1024px\" \/>\t\t\t\t\t\t\t\t\t\t\t\t\t\t\t<\/div>\n\t\t\t\t<\/div>\n\t\t\t\t\t<\/div>\n\t\t<\/div>\n\t\t\t\t\t<\/div>\n\t\t<\/section>\n\t\t\t\t<section class=\"elementor-section elementor-top-section elementor-element elementor-element-fb86723 elementor-section-content-middle elementor-section-boxed elementor-section-height-default elementor-section-height-default\" data-id=\"fb86723\" data-element_type=\"section\">\n\t\t\t\t\t\t<div class=\"elementor-container elementor-column-gap-default\">\n\t\t\t\t\t<div class=\"elementor-column elementor-col-100 elementor-top-column elementor-element elementor-element-a8f5f51\" data-id=\"a8f5f51\" data-element_type=\"column\">\n\t\t\t<div class=\"elementor-widget-wrap elementor-element-populated\">\n\t\t\t\t\t\t<div class=\"elementor-element elementor-element-0ec85cb elementor-widget-divider--view-line elementor-widget elementor-widget-divider\" data-id=\"0ec85cb\" data-element_type=\"widget\" data-widget_type=\"divider.default\">\n\t\t\t\t<div class=\"elementor-widget-container\">\n\t\t\t\t\t\t\t<div class=\"elementor-divider\">\n\t\t\t<span class=\"elementor-divider-separator\">\n\t\t\t\t\t\t<\/span>\n\t\t<\/div>\n\t\t\t\t\t\t<\/div>\n\t\t\t\t<\/div>\n\t\t\t\t\t<\/div>\n\t\t<\/div>\n\t\t\t\t\t<\/div>\n\t\t<\/section>\n\t\t\t\t<section class=\"elementor-section elementor-top-section elementor-element elementor-element-f243738 elementor-section-content-middle elementor-section-boxed elementor-section-height-default elementor-section-height-default\" data-id=\"f243738\" data-element_type=\"section\">\n\t\t\t\t\t\t<div class=\"elementor-container elementor-column-gap-default\">\n\t\t\t\t\t<div class=\"elementor-column elementor-col-50 elementor-top-column elementor-element elementor-element-47d9f64\" data-id=\"47d9f64\" data-element_type=\"column\">\n\t\t\t<div class=\"elementor-widget-wrap elementor-element-populated\">\n\t\t\t\t\t\t<div class=\"elementor-element elementor-element-f5ff3c8 elementor-widget elementor-widget-text-editor\" data-id=\"f5ff3c8\" data-element_type=\"widget\" data-widget_type=\"text-editor.default\">\n\t\t\t\t<div class=\"elementor-widget-container\">\n\t\t\t\t\t\t\t\t\t<h1><strong>Kwalifikacje na przew\u00f3z os\u00f3b\/rzeczy<\/strong><\/h1><h1>Wst\u0119pna przy\u015bpieszona &#8211; 2800z\u0142<\/h1><div><div><div><h1>Uzupe\u0142niaj\u0105ca przy\u015bpieszona &#8211; 1000z\u0142<\/h1><h1>Szkolenia okresowe &#8211; 600z\u0142<\/h1><\/div><\/div><\/div>\t\t\t\t\t\t\t\t<\/div>\n\t\t\t\t<\/div>\n\t\t\t\t\t<\/div>\n\t\t<\/div>\n\t\t\t\t<div class=\"elementor-column elementor-col-50 elementor-top-column elementor-element elementor-element-b778760\" data-id=\"b778760\" data-element_type=\"column\">\n\t\t\t<div class=\"elementor-widget-wrap elementor-element-populated\">\n\t\t\t\t\t\t<div class=\"elementor-element elementor-element-3a5034f elementor-widget elementor-widget-image\" data-id=\"3a5034f\" data-element_type=\"widget\" data-widget_type=\"image.default\">\n\t\t\t\t<div class=\"elementor-widget-container\">\n\t\t\t\t\t\t\t\t\t\t\t\t\t\t\t<img decoding=\"async\" width=\"1024\" height=\"768\" src=\"https:\/\/oskexpert.pl\/wp-content\/uploads\/2024\/09\/364741953_798481865621487_1299707754803275026_n-1024x768.jpg\" class=\"attachment-large size-large wp-image-650\" alt=\"\" srcset=\"https:\/\/oskexpert.pl\/wp-content\/uploads\/2024\/09\/364741953_798481865621487_1299707754803275026_n-1024x768.jpg 1024w, https:\/\/oskexpert.pl\/wp-content\/uploads\/2024\/09\/364741953_798481865621487_1299707754803275026_n-300x225.jpg 300w, https:\/\/oskexpert.pl\/wp-content\/uploads\/2024\/09\/364741953_798481865621487_1299707754803275026_n-768x576.jpg 768w, https:\/\/oskexpert.pl\/wp-content\/uploads\/2024\/09\/364741953_798481865621487_1299707754803275026_n-800x600.jpg 800w, https:\/\/oskexpert.pl\/wp-content\/uploads\/2024\/09\/364741953_798481865621487_1299707754803275026_n-400x300.jpg 400w, https:\/\/oskexpert.pl\/wp-content\/uploads\/2024\/09\/364741953_798481865621487_1299707754803275026_n.jpg 1440w\" sizes=\"(max-width: 1024px) 100vw, 1024px\" \/>\t\t\t\t\t\t\t\t\t\t\t\t\t\t\t<\/div>\n\t\t\t\t<\/div>\n\t\t\t\t\t<\/div>\n\t\t<\/div>\n\t\t\t\t\t<\/div>\n\t\t<\/section>\n\t\t\t\t<section class=\"elementor-section elementor-top-section elementor-element elementor-element-43a1d74 elementor-section-content-middle elementor-section-boxed elementor-section-height-default elementor-section-height-default\" data-id=\"43a1d74\" data-element_type=\"section\">\n\t\t\t\t\t\t<div class=\"elementor-container elementor-column-gap-default\">\n\t\t\t\t\t<div class=\"elementor-column elementor-col-100 elementor-top-column elementor-element elementor-element-94e71fb\" data-id=\"94e71fb\" data-element_type=\"column\">\n\t\t\t<div class=\"elementor-widget-wrap elementor-element-populated\">\n\t\t\t\t\t\t<div class=\"elementor-element elementor-element-6cafcb7 elementor-widget-divider--view-line elementor-widget elementor-widget-divider\" data-id=\"6cafcb7\" data-element_type=\"widget\" data-widget_type=\"divider.default\">\n\t\t\t\t<div class=\"elementor-widget-container\">\n\t\t\t\t\t\t\t<div class=\"elementor-divider\">\n\t\t\t<span class=\"elementor-divider-separator\">\n\t\t\t\t\t\t<\/span>\n\t\t<\/div>\n\t\t\t\t\t\t<\/div>\n\t\t\t\t<\/div>\n\t\t\t\t\t<\/div>\n\t\t<\/div>\n\t\t\t\t\t<\/div>\n\t\t<\/section>\n\t\t\t\t<section class=\"elementor-section elementor-top-section elementor-element elementor-element-71a116a elementor-section-content-middle elementor-section-boxed elementor-section-height-default elementor-section-height-default\" data-id=\"71a116a\" data-element_type=\"section\">\n\t\t\t\t\t\t<div class=\"elementor-container elementor-column-gap-default\">\n\t\t\t\t\t<div class=\"elementor-column elementor-col-50 elementor-top-column elementor-element elementor-element-b7e6e65\" data-id=\"b7e6e65\" data-element_type=\"column\">\n\t\t\t<div class=\"elementor-widget-wrap elementor-element-populated\">\n\t\t\t\t\t\t<div class=\"elementor-element elementor-element-90daf2a elementor-widget elementor-widget-text-editor\" data-id=\"90daf2a\" data-element_type=\"widget\" data-widget_type=\"text-editor.default\">\n\t\t\t\t<div class=\"elementor-widget-container\">\n\t\t\t\t\t\t\t\t\t<h1><strong>Dodatkowo:<\/strong><\/h1><ul><li><h1>Podstawienie samochodu na egzamin (kat. B) &#8211; 100z\u0142<\/h1><\/li><li><h1>Obecno\u015b\u0107 instruktora na egzaminie &#8211; 100z\u0142<\/h1><\/li><\/ul><h1>Dodatkowe godziny:<\/h1><ul><li><h1>Kategoria B &#8211; 150z\u0142<\/h1><\/li><li><h1>Kategoria B 78 &#8211; 150z\u0142<\/h1><\/li><li><h1>Kategoria A &#8211; 150z\u0142<\/h1><\/li><li><h1>Kategoria C &#8211; 200z\u0142<\/h1><\/li><li><h1>Kategoria C+E- 250z\u0142<\/h1><\/li><li><h1>Kategoria D &#8211; 200z\u0142<\/h1><\/li><li>\u00a0<\/li><\/ul>\t\t\t\t\t\t\t\t<\/div>\n\t\t\t\t<\/div>\n\t\t\t\t\t<\/div>\n\t\t<\/div>\n\t\t\t\t<div class=\"elementor-column elementor-col-50 elementor-top-column elementor-element elementor-element-4b002cd\" data-id=\"4b002cd\" data-element_type=\"column\">\n\t\t\t<div class=\"elementor-widget-wrap elementor-element-populated\">\n\t\t\t\t\t\t<div class=\"elementor-element elementor-element-e8f49e6 elementor-widget elementor-widget-image\" data-id=\"e8f49e6\" data-element_type=\"widget\" data-widget_type=\"image.default\">\n\t\t\t\t<div class=\"elementor-widget-container\">\n\t\t\t\t\t\t\t\t\t\t\t\t\t\t\t<img loading=\"lazy\" decoding=\"async\" width=\"905\" height=\"750\" src=\"https:\/\/oskexpert.pl\/wp-content\/uploads\/2024\/09\/276055816_1291560244667319_5634326778035641036_n.jpg\" class=\"attachment-large size-large wp-image-651\" alt=\"\" srcset=\"https:\/\/oskexpert.pl\/wp-content\/uploads\/2024\/09\/276055816_1291560244667319_5634326778035641036_n.jpg 905w, https:\/\/oskexpert.pl\/wp-content\/uploads\/2024\/09\/276055816_1291560244667319_5634326778035641036_n-300x249.jpg 300w, https:\/\/oskexpert.pl\/wp-content\/uploads\/2024\/09\/276055816_1291560244667319_5634326778035641036_n-768x636.jpg 768w, https:\/\/oskexpert.pl\/wp-content\/uploads\/2024\/09\/276055816_1291560244667319_5634326778035641036_n-800x663.jpg 800w\" sizes=\"(max-width: 905px) 100vw, 905px\" \/>\t\t\t\t\t\t\t\t\t\t\t\t\t\t\t<\/div>\n\t\t\t\t<\/div>\n\t\t\t\t\t<\/div>\n\t\t<\/div>\n\t\t\t\t\t<\/div>\n\t\t<\/section>\n\t\t\t\t<section class=\"elementor-section elementor-top-section elementor-element elementor-element-e7902f9 elementor-section-content-middle elementor-section-boxed elementor-section-height-default elementor-section-height-default\" data-id=\"e7902f9\" data-element_type=\"section\">\n\t\t\t\t\t\t<div class=\"elementor-container elementor-column-gap-default\">\n\t\t\t\t\t<div class=\"elementor-column elementor-col-100 elementor-top-column elementor-element elementor-element-16d24a8\" data-id=\"16d24a8\" data-element_type=\"column\">\n\t\t\t<div class=\"elementor-widget-wrap elementor-element-populated\">\n\t\t\t\t\t\t<div class=\"elementor-element elementor-element-e5496e2 elementor-widget-divider--view-line elementor-widget elementor-widget-divider\" data-id=\"e5496e2\" data-element_type=\"widget\" data-widget_type=\"divider.default\">\n\t\t\t\t<div class=\"elementor-widget-container\">\n\t\t\t\t\t\t\t<div class=\"elementor-divider\">\n\t\t\t<span class=\"elementor-divider-separator\">\n\t\t\t\t\t\t<\/span>\n\t\t<\/div>\n\t\t\t\t\t\t<\/div>\n\t\t\t\t<\/div>\n\t\t\t\t\t<\/div>\n\t\t<\/div>\n\t\t\t\t\t<\/div>\n\t\t<\/section>\n\t\t\t\t<section class=\"elementor-section elementor-top-section elementor-element elementor-element-e927fcc elementor-section-content-middle elementor-section-boxed elementor-section-height-default elementor-section-height-default\" data-id=\"e927fcc\" data-element_type=\"section\">\n\t\t\t\t\t\t<div class=\"elementor-container elementor-column-gap-default\">\n\t\t\t\t\t<div class=\"elementor-column elementor-col-50 elementor-top-column elementor-element elementor-element-780b00b\" data-id=\"780b00b\" data-element_type=\"column\">\n\t\t\t<div class=\"elementor-widget-wrap elementor-element-populated\">\n\t\t\t\t\t\t<div class=\"elementor-element elementor-element-93f5dc0 elementor-widget elementor-widget-text-editor\" data-id=\"93f5dc0\" data-element_type=\"widget\" data-widget_type=\"text-editor.default\">\n\t\t\t\t<div class=\"elementor-widget-container\">\n\t\t\t\t\t\t\t\t\t<h1><strong>Nie masz pomys\u0142u na prezent?<\/strong><\/br>\nTw\u00f3j wnuk, dziecko czy chrze\u015bniak nie ma prawa jazdy, a Ty cenisz wysok\u0105 jako\u015b\u0107 i profesjonalizm?<\/br> Chcia\u0142by\u015b aby nauczy\u0142 si\u0119 bezpiecznej jazdy?<\/br> Lepiej nie mog\u0142e\u015b trafi\u0107!<\/br> Kup bon podarunkowy na kurs prawa jazdy lub bon kwotowy do wykorzystania na szkolenie podstawowe i jazdy doszkalaj\u0105ce.<\/h1>\t\t\t\t\t\t\t\t<\/div>\n\t\t\t\t<\/div>\n\t\t\t\t\t<\/div>\n\t\t<\/div>\n\t\t\t\t<div class=\"elementor-column elementor-col-50 elementor-top-column elementor-element elementor-element-e70c821\" data-id=\"e70c821\" data-element_type=\"column\">\n\t\t\t<div class=\"elementor-widget-wrap elementor-element-populated\">\n\t\t\t\t\t\t<div class=\"elementor-element elementor-element-9909e1d elementor-widget elementor-widget-image\" data-id=\"9909e1d\" data-element_type=\"widget\" data-widget_type=\"image.default\">\n\t\t\t\t<div class=\"elementor-widget-container\">\n\t\t\t\t\t\t\t\t\t\t\t\t\t\t\t<img loading=\"lazy\" decoding=\"async\" width=\"1024\" height=\"768\" src=\"https:\/\/oskexpert.pl\/wp-content\/uploads\/2018\/03\/28235276_331532010670152_3522764217452580188_o-1024x768.jpg\" class=\"attachment-large size-large wp-image-101\" alt=\"\" srcset=\"https:\/\/oskexpert.pl\/wp-content\/uploads\/2018\/03\/28235276_331532010670152_3522764217452580188_o-1024x768.jpg 1024w, https:\/\/oskexpert.pl\/wp-content\/uploads\/2018\/03\/28235276_331532010670152_3522764217452580188_o-300x225.jpg 300w, https:\/\/oskexpert.pl\/wp-content\/uploads\/2018\/03\/28235276_331532010670152_3522764217452580188_o-768x576.jpg 768w, https:\/\/oskexpert.pl\/wp-content\/uploads\/2018\/03\/28235276_331532010670152_3522764217452580188_o-800x600.jpg 800w, https:\/\/oskexpert.pl\/wp-content\/uploads\/2018\/03\/28235276_331532010670152_3522764217452580188_o-400x300.jpg 400w, https:\/\/oskexpert.pl\/wp-content\/uploads\/2018\/03\/28235276_331532010670152_3522764217452580188_o.jpg 1440w\" sizes=\"(max-width: 1024px) 100vw, 1024px\" \/>\t\t\t\t\t\t\t\t\t\t\t\t\t\t\t<\/div>\n\t\t\t\t<\/div>\n\t\t\t\t\t<\/div>\n\t\t<\/div>\n\t\t\t\t\t<\/div>\n\t\t<\/section>\n\t\t\t\t<\/div>\n\t\t","protected":false},"excerpt":{"rendered":"<p>Kursy kategorii B Kurs kategoria B &#8211; 3600z\u0142 Kurs B ekspresowy &#8211; 4000z\u0142 Kurs kategoria B 78 (automat) &#8211; 3800z\u0142 Kurs B 78 ekspresowy &#8211; 4300z\u0142 Kurs kategoria B + E &#8211; 2000z\u0142 w tym : 30h teorii 30h praktyki Materia\u0142y dydaktyczne Szkolenie na placu WORD40 Pozosta\u0142e kursy Kurs kategoria\u00a0A, A1, A2 &#8211; 3200z\u0142 Kurs kategoria\u00a0B + E\u00a0&#8211; 2000z\u0142 Kurs<\/p>\n<p><a class=\"more-link\" href=\"https:\/\/oskexpert.pl\/?page_id=78\">Read More<\/a><\/p>\n","protected":false},"author":1,"featured_media":0,"parent":0,"menu_order":0,"comment_status":"closed","ping_status":"closed","template":"","meta":{"footnotes":""},"class_list":["post-78","page","type-page","status-publish","hentry"],"_links":{"self":[{"href":"https:\/\/oskexpert.pl\/index.php?rest_route=\/wp\/v2\/pages\/78","targetHints":{"allow":["GET"]}}],"collection":[{"href":"https:\/\/oskexpert.pl\/index.php?rest_route=\/wp\/v2\/pages"}],"about":[{"href":"https:\/\/oskexpert.pl\/index.php?rest_route=\/wp\/v2\/types\/page"}],"author":[{"embeddable":true,"href":"https:\/\/oskexpert.pl\/index.php?rest_route=\/wp\/v2\/users\/1"}],"replies":[{"embeddable":true,"href":"https:\/\/oskexpert.pl\/index.php?rest_route=%2Fwp%2Fv2%2Fcomments&post=78"}],"version-history":[{"count":101,"href":"https:\/\/oskexpert.pl\/index.php?rest_route=\/wp\/v2\/pages\/78\/revisions"}],"predecessor-version":[{"id":717,"href":"https:\/\/oskexpert.pl\/index.php?rest_route=\/wp\/v2\/pages\/78\/revisions\/717"}],"wp:attachment":[{"href":"https:\/\/oskexpert.pl\/index.php?rest_route=%2Fwp%2Fv2%2Fmedia&parent=78"}],"curies":[{"name":"wp","href":"https:\/\/api.w.org\/{rel}","templated":true}]}}